{"id":228,"date":"2026-01-27T15:51:32","date_gmt":"2026-01-27T15:51:32","guid":{"rendered":"https:\/\/koarqpaint.com\/?page_id=228"},"modified":"2026-04-29T18:33:16","modified_gmt":"2026-04-29T18:33:16","slug":"terms-of-service","status":"publish","type":"page","link":"https:\/\/koarqpaint.com\/es\/terms-of-service\/","title":{"rendered":"Terms of service"},"content":{"rendered":"<p>[et_pb_section fb_built=&#8221;1&#8243; prev_background_color=&#8221;#FFFFFF&#8221; _builder_version=&#8221;4.27.5&#8243; background_image=&#8221;https:\/\/koarqpaint.com\/wp-content\/uploads\/2025\/11\/freepik__talk__45544.jpeg&#8221; custom_padding=&#8221;100px||100px||true|false&#8221; top_divider_style=&#8221;arrow3&#8243; top_divider_height=&#8221;30px&#8221; top_divider_flip=&#8221;vertical&#8221; bottom_divider_style=&#8221;arrow3&#8243; bottom_divider_color=&#8221;#FFFFFF&#8221; bottom_divider_height=&#8221;30px&#8221; scroll_vertical_motion=&#8221;21|50|50|100|4|0|-4&#8243; background_last_edited=&#8221;on|phone&#8221; background_position_phone=&#8221;bottom_right&#8221; background_horizontal_offset_phone=&#8221;38%&#8221; global_colors_info=&#8221;{}&#8221;][et_pb_row use_custom_gutter=&#8221;on&#8221; gutter_width=&#8221;2&#8243; make_equal=&#8221;on&#8221; _builder_version=&#8221;4.27.5&#8243; width=&#8221;90%&#8221; width_tablet=&#8221;90%&#8221; width_phone=&#8221;90%&#8221; width_last_edited=&#8221;off|desktop&#8221; max_width_tablet=&#8221;90%&#8221; max_width_phone=&#8221;90%&#8221; max_width_last_edited=&#8221;off|desktop&#8221; global_colors_info=&#8221;{}&#8221;][et_pb_column type=&#8221;4_4&#8243; _builder_version=&#8221;4.16&#8243; global_colors_info=&#8221;{}&#8221;][et_pb_text _builder_version=&#8221;4.27.6&#8243; header_text_color=&#8221;#2F4550&#8243; header_font_size=&#8221;60px&#8221; z_index=&#8221;999&#8243; max_width=&#8221;800px&#8221; max_width_tablet=&#8221;&#8221; max_width_phone=&#8221;95%&#8221; max_width_last_edited=&#8221;on|desktop&#8221; custom_margin_tablet=&#8221;-29px||||false|false&#8221; custom_margin_phone=&#8221;-18px||||false|false&#8221; custom_margin_last_edited=&#8221;off|desktop&#8221; animation_style=&#8221;slide&#8221; animation_direction=&#8221;bottom&#8221; animation_delay=&#8221;200ms&#8221; hover_enabled=&#8221;0&#8243; header_font_size_tablet=&#8221;&#8221; header_font_size_phone=&#8221;30px&#8221; header_font_size_last_edited=&#8221;on|desktop&#8221; global_colors_info=&#8221;{}&#8221; _dynamic_attributes=&#8221;content&#8221; text_font_size=&#8221;50px&#8221; text_font=&#8221;|700|||||||&#8221; sticky_enabled=&#8221;0&#8243;]@ET-DC@eyJkeW5hbWljIjp0cnVlLCJjb250ZW50IjoicG9zdF90aXRsZSIsInNldHRpbmdzIjp7ImJlZm9yZSI6IiIsImFmdGVyIjoiIn19@[\/et_pb_text][\/et_pb_column][\/et_pb_row][\/et_pb_section][et_pb_section fb_built=&#8221;1&#8243; module_id=&#8221;servicios&#8221; _builder_version=&#8221;4.27.5&#8243; custom_padding=&#8221;60px||90px||false|false&#8221; global_colors_info=&#8221;{}&#8221;][et_pb_row _builder_version=&#8221;4.27.5&#8243; _module_preset=&#8221;default&#8221; width=&#8221;90%&#8221; global_colors_info=&#8221;{}&#8221;][et_pb_column type=&#8221;4_4&#8243; _builder_version=&#8221;4.27.5&#8243; _module_preset=&#8221;default&#8221; global_colors_info=&#8221;{}&#8221;][et_pb_text _builder_version=&#8221;4.27.5&#8243; _module_preset=&#8221;default&#8221; text_line_height=&#8221;1.4em&#8221; ul_line_height=&#8221;1.3em&#8221; text_font_size_tablet=&#8221;&#8221; text_font_size_phone=&#8221;16px&#8221; text_font_size_last_edited=&#8221;on|phone&#8221; global_colors_info=&#8221;{}&#8221;]<\/p>\n<h3><b>1. Identidad del Responsable<\/b><\/h3>\n<p><span style=\"font-weight: 400;\">El responsable de la gesti\u00f3n de sus datos es <\/span><b>KOARQ Paint<\/b><span style=\"font-weight: 400;\">, con base en Miami, Florida. Los datos recolectados a trav\u00e9s de los formularios de contacto de Meta (Facebook\/Instagram) ser\u00e1n utilizados exclusivamente para los fines descritos en este documento.<\/span><\/p>\n<h3><b>2. Prop\u00f3sito de la Recolecci\u00f3n de Datos<\/b><\/h3>\n<p><span style=\"font-weight: 400;\">Al completar el formulario, el usuario autoriza a KOARQ a:<\/span><\/p>\n<ul>\n<li style=\"font-weight: 400;\" aria-level=\"1\"><span style=\"font-weight: 400;\">Contactarlo v\u00eda telef\u00f3nica, correo electr\u00f3nico o mensajer\u00eda para brindar una asesor\u00eda t\u00e9cnica.<\/span><\/li>\n<li style=\"font-weight: 400;\" aria-level=\"1\"><span style=\"font-weight: 400;\">Agendar una visita de inspecci\u00f3n (si fuera necesario) para la elaboraci\u00f3n de un presupuesto detallado.<\/span><\/li>\n<li style=\"font-weight: 400;\" aria-level=\"1\"><span style=\"font-weight: 400;\">Enviar informaci\u00f3n t\u00e9cnica o promocional relacionada con los servicios de pintura residencial o comercial.<\/span><\/li>\n<\/ul>\n<h3><b>3. Alcance del Servicio y Presupuestos<\/b><\/h3>\n<ul>\n<li style=\"font-weight: 400;\" aria-level=\"1\"><b>Ubicaci\u00f3n:<\/b><span style=\"font-weight: 400;\"> Los servicios ofrecidos en esta campa\u00f1a son v\u00e1lidos \u00fanicamente para propiedades ubicadas en <\/span><b>Miami, Florida<\/b><span style=\"font-weight: 400;\">, y zonas aleda\u00f1as.<\/span><\/li>\n<li style=\"font-weight: 400;\" aria-level=\"1\"><b>Sin Obligaci\u00f3n:<\/b><span style=\"font-weight: 400;\"> La solicitud de un presupuesto a trav\u00e9s del formulario <\/span><b>no representa un contrato de servicio<\/b><span style=\"font-weight: 400;\"> ni obliga al usuario a realizar la compra.<\/span><\/li>\n<li style=\"font-weight: 400;\" aria-level=\"1\"><b>Validez:<\/b><span style=\"font-weight: 400;\"> Los presupuestos entregados tendr\u00e1n una validez de <\/span><b>30 d\u00edas corridos<\/b><span style=\"font-weight: 400;\"> a partir de la fecha de emisi\u00f3n, salvo que se indique lo contrario por escrito.<\/span><\/li>\n<\/ul>\n<h3><b>4. Protecci\u00f3n de Datos (Privacidad)<\/b><\/h3>\n<p><span style=\"font-weight: 400;\">En cumplimiento con las normativas de protecci\u00f3n de datos personales:<\/span><\/p>\n<ul>\n<li style=\"font-weight: 400;\" aria-level=\"1\"><span style=\"font-weight: 400;\">Sus datos <\/span><b>no ser\u00e1n vendidos, cedidos ni compartidos<\/b><span style=\"font-weight: 400;\"> con terceros ajenos a la prestaci\u00f3n del servicio de KOARQ.<\/span><\/li>\n<li style=\"font-weight: 400;\" aria-level=\"1\"><span style=\"font-weight: 400;\">El usuario tiene derecho a solicitar la baja de su informaci\u00f3n o la interrupci\u00f3n de las comunicaciones en cualquier momento enviando un correo a <\/span><b>info.koarq@gmail.com<\/b><span style=\"font-weight: 400;\">.<\/span><\/li>\n<\/ul>\n<h3><b>5. Condiciones de la Promoci\u00f3n<\/b><\/h3>\n<ul>\n<li style=\"font-weight: 400;\" aria-level=\"1\"><span style=\"font-weight: 400;\">Los descuentos ofrecidos aplican exclusivamente para contratos firmados dentro del periodo de la campa\u00f1a.<\/span><\/li>\n<li style=\"font-weight: 400;\" aria-level=\"1\"><span style=\"font-weight: 400;\">No es acumulable con otras promociones o descuentos vigentes.<\/span><\/li>\n<\/ul>\n<h3><b>6. Limitaci\u00f3n de Responsabilidad<\/b><\/h3>\n<p><span style=\"font-weight: 400;\">KOARQ se reserva el derecho de rechazar solicitudes de presupuesto en zonas fuera de su cobertura geogr\u00e1fica o para servicios que no se alineen con su capacidad t\u00e9cnica actual.<\/span><\/p>\n<p>[\/et_pb_text][\/et_pb_column][\/et_pb_row][\/et_pb_section]<\/p>\n","protected":false},"excerpt":{"rendered":"<p>1. Identidad del Responsable El responsable de la gesti\u00f3n de sus datos es KOARQ Paint, con base en Miami, Florida. Los datos recolectados a trav\u00e9s de los formularios de contacto de Meta (Facebook\/Instagram) ser\u00e1n utilizados exclusivamente para los fines descritos en este documento. 2. Prop\u00f3sito de la Recolecci\u00f3n de Datos Al completar el formulario, el [&hellip;]<\/p>\n","protected":false},"author":1,"featured_media":0,"parent":0,"menu_order":0,"comment_status":"closed","ping_status":"closed","template":"","meta":{"_et_pb_use_builder":"on","_et_pb_old_content":"","_et_gb_content_width":"","footnotes":""},"class_list":["post-228","page","type-page","status-publish","hentry"],"yoast_head":"<!-- This site is optimized with the Yoast SEO plugin v27.6 - https:\/\/yoast.com\/product\/yoast-seo-wordpress\/ -->\n<title>Terms of service - KOARQ<\/title>\n<meta name=\"robots\" content=\"index, follow, max-snippet:-1, max-image-preview:large, max-video-preview:-1\" \/>\n<link rel=\"canonical\" href=\"https:\/\/koarqpaint.com\/es\/terms-of-service\/\" \/>\n<meta property=\"og:locale\" content=\"es_MX\" \/>\n<meta property=\"og:type\" content=\"article\" \/>\n<meta property=\"og:title\" content=\"Terms of service - KOARQ\" \/>\n<meta property=\"og:description\" content=\"1. Identidad del Responsable El responsable de la gesti\u00f3n de sus datos es KOARQ Paint, con base en Miami, Florida. Los datos recolectados a trav\u00e9s de los formularios de contacto de Meta (Facebook\/Instagram) ser\u00e1n utilizados exclusivamente para los fines descritos en este documento. 2. Prop\u00f3sito de la Recolecci\u00f3n de Datos Al completar el formulario, el [&hellip;]\" \/>\n<meta property=\"og:url\" content=\"https:\/\/koarqpaint.com\/es\/terms-of-service\/\" \/>\n<meta property=\"og:site_name\" content=\"KOARQ\" \/>\n<meta property=\"article:publisher\" content=\"https:\/\/www.facebook.com\/people\/KoArq\/61586041505647\/\" \/>\n<meta property=\"article:modified_time\" content=\"2026-04-29T18:33:16+00:00\" \/>\n<meta property=\"og:image\" content=\"https:\/\/koarqpaint.com\/wp-content\/uploads\/2025\/11\/Logo1.jpg\" \/>\n\t<meta property=\"og:image:width\" content=\"714\" \/>\n\t<meta property=\"og:image:height\" content=\"355\" \/>\n\t<meta property=\"og:image:type\" content=\"image\/jpeg\" \/>\n<meta name=\"twitter:card\" content=\"summary_large_image\" \/>\n<meta name=\"twitter:label1\" content=\"Tiempo de lectura\" \/>\n\t<meta name=\"twitter:data1\" content=\"3 minutos\" \/>\n<script type=\"application\/ld+json\" class=\"yoast-schema-graph\">{\"@context\":\"https:\\\/\\\/schema.org\",\"@graph\":[{\"@type\":\"WebPage\",\"@id\":\"https:\\\/\\\/koarqpaint.com\\\/terms-of-service\\\/\",\"url\":\"https:\\\/\\\/koarqpaint.com\\\/terms-of-service\\\/\",\"name\":\"Terms of service - KOARQ\",\"isPartOf\":{\"@id\":\"https:\\\/\\\/koarqpaint.com\\\/#website\"},\"datePublished\":\"2026-01-27T15:51:32+00:00\",\"dateModified\":\"2026-04-29T18:33:16+00:00\",\"breadcrumb\":{\"@id\":\"https:\\\/\\\/koarqpaint.com\\\/terms-of-service\\\/#breadcrumb\"},\"inLanguage\":\"es\",\"potentialAction\":[{\"@type\":\"ReadAction\",\"target\":[\"https:\\\/\\\/koarqpaint.com\\\/terms-of-service\\\/\"]}]},{\"@type\":\"BreadcrumbList\",\"@id\":\"https:\\\/\\\/koarqpaint.com\\\/terms-of-service\\\/#breadcrumb\",\"itemListElement\":[{\"@type\":\"ListItem\",\"position\":1,\"name\":\"Inicio\",\"item\":\"https:\\\/\\\/koarqpaint.com\\\/\"},{\"@type\":\"ListItem\",\"position\":2,\"name\":\"Terms of service\"}]},{\"@type\":\"WebSite\",\"@id\":\"https:\\\/\\\/koarqpaint.com\\\/#website\",\"url\":\"https:\\\/\\\/koarqpaint.com\\\/\",\"name\":\"KOARQ\",\"description\":\"PAINTING SERVICE\",\"publisher\":{\"@id\":\"https:\\\/\\\/koarqpaint.com\\\/#organization\"},\"potentialAction\":[{\"@type\":\"SearchAction\",\"target\":{\"@type\":\"EntryPoint\",\"urlTemplate\":\"https:\\\/\\\/koarqpaint.com\\\/?s={search_term_string}\"},\"query-input\":{\"@type\":\"PropertyValueSpecification\",\"valueRequired\":true,\"valueName\":\"search_term_string\"}}],\"inLanguage\":\"es\"},{\"@type\":\"Organization\",\"@id\":\"https:\\\/\\\/koarqpaint.com\\\/#organization\",\"name\":\"KOARQ\",\"url\":\"https:\\\/\\\/koarqpaint.com\\\/\",\"logo\":{\"@type\":\"ImageObject\",\"inLanguage\":\"es\",\"@id\":\"https:\\\/\\\/koarqpaint.com\\\/#\\\/schema\\\/logo\\\/image\\\/\",\"url\":\"https:\\\/\\\/koarqpaint.com\\\/wp-content\\\/uploads\\\/2025\\\/11\\\/Logo1.jpg\",\"contentUrl\":\"https:\\\/\\\/koarqpaint.com\\\/wp-content\\\/uploads\\\/2025\\\/11\\\/Logo1.jpg\",\"width\":714,\"height\":355,\"caption\":\"KOARQ\"},\"image\":{\"@id\":\"https:\\\/\\\/koarqpaint.com\\\/#\\\/schema\\\/logo\\\/image\\\/\"},\"sameAs\":[\"https:\\\/\\\/www.facebook.com\\\/people\\\/KoArq\\\/61586041505647\\\/\",\"https:\\\/\\\/www.instagram.com\\\/ko.arq\\\/\"]}]}<\/script>\n<!-- \/ Yoast SEO plugin. -->","yoast_head_json":{"title":"Terms of service - KOARQ","robots":{"index":"index","follow":"follow","max-snippet":"max-snippet:-1","max-image-preview":"max-image-preview:large","max-video-preview":"max-video-preview:-1"},"canonical":"https:\/\/koarqpaint.com\/es\/terms-of-service\/","og_locale":"es_MX","og_type":"article","og_title":"Terms of service - KOARQ","og_description":"1. Identidad del Responsable El responsable de la gesti\u00f3n de sus datos es KOARQ Paint, con base en Miami, Florida. Los datos recolectados a trav\u00e9s de los formularios de contacto de Meta (Facebook\/Instagram) ser\u00e1n utilizados exclusivamente para los fines descritos en este documento. 2. Prop\u00f3sito de la Recolecci\u00f3n de Datos Al completar el formulario, el [&hellip;]","og_url":"https:\/\/koarqpaint.com\/es\/terms-of-service\/","og_site_name":"KOARQ","article_publisher":"https:\/\/www.facebook.com\/people\/KoArq\/61586041505647\/","article_modified_time":"2026-04-29T18:33:16+00:00","og_image":[{"width":714,"height":355,"url":"https:\/\/koarqpaint.com\/wp-content\/uploads\/2025\/11\/Logo1.jpg","type":"image\/jpeg"}],"twitter_card":"summary_large_image","twitter_misc":{"Tiempo de lectura":"3 minutos"},"schema":{"@context":"https:\/\/schema.org","@graph":[{"@type":"WebPage","@id":"https:\/\/koarqpaint.com\/terms-of-service\/","url":"https:\/\/koarqpaint.com\/terms-of-service\/","name":"Terms of service - KOARQ","isPartOf":{"@id":"https:\/\/koarqpaint.com\/#website"},"datePublished":"2026-01-27T15:51:32+00:00","dateModified":"2026-04-29T18:33:16+00:00","breadcrumb":{"@id":"https:\/\/koarqpaint.com\/terms-of-service\/#breadcrumb"},"inLanguage":"es","potentialAction":[{"@type":"ReadAction","target":["https:\/\/koarqpaint.com\/terms-of-service\/"]}]},{"@type":"BreadcrumbList","@id":"https:\/\/koarqpaint.com\/terms-of-service\/#breadcrumb","itemListElement":[{"@type":"ListItem","position":1,"name":"Inicio","item":"https:\/\/koarqpaint.com\/"},{"@type":"ListItem","position":2,"name":"Terms of service"}]},{"@type":"WebSite","@id":"https:\/\/koarqpaint.com\/#website","url":"https:\/\/koarqpaint.com\/","name":"KOARQ","description":"PAINTING SERVICE","publisher":{"@id":"https:\/\/koarqpaint.com\/#organization"},"potentialAction":[{"@type":"SearchAction","target":{"@type":"EntryPoint","urlTemplate":"https:\/\/koarqpaint.com\/?s={search_term_string}"},"query-input":{"@type":"PropertyValueSpecification","valueRequired":true,"valueName":"search_term_string"}}],"inLanguage":"es"},{"@type":"Organization","@id":"https:\/\/koarqpaint.com\/#organization","name":"KOARQ","url":"https:\/\/koarqpaint.com\/","logo":{"@type":"ImageObject","inLanguage":"es","@id":"https:\/\/koarqpaint.com\/#\/schema\/logo\/image\/","url":"https:\/\/koarqpaint.com\/wp-content\/uploads\/2025\/11\/Logo1.jpg","contentUrl":"https:\/\/koarqpaint.com\/wp-content\/uploads\/2025\/11\/Logo1.jpg","width":714,"height":355,"caption":"KOARQ"},"image":{"@id":"https:\/\/koarqpaint.com\/#\/schema\/logo\/image\/"},"sameAs":["https:\/\/www.facebook.com\/people\/KoArq\/61586041505647\/","https:\/\/www.instagram.com\/ko.arq\/"]}]}},"_links":{"self":[{"href":"https:\/\/koarqpaint.com\/es\/wp-json\/wp\/v2\/pages\/228","targetHints":{"allow":["GET"]}}],"collection":[{"href":"https:\/\/koarqpaint.com\/es\/wp-json\/wp\/v2\/pages"}],"about":[{"href":"https:\/\/koarqpaint.com\/es\/wp-json\/wp\/v2\/types\/page"}],"author":[{"embeddable":true,"href":"https:\/\/koarqpaint.com\/es\/wp-json\/wp\/v2\/users\/1"}],"replies":[{"embeddable":true,"href":"https:\/\/koarqpaint.com\/es\/wp-json\/wp\/v2\/comments?post=228"}],"version-history":[{"count":9,"href":"https:\/\/koarqpaint.com\/es\/wp-json\/wp\/v2\/pages\/228\/revisions"}],"predecessor-version":[{"id":284,"href":"https:\/\/koarqpaint.com\/es\/wp-json\/wp\/v2\/pages\/228\/revisions\/284"}],"wp:attachment":[{"href":"https:\/\/koarqpaint.com\/es\/wp-json\/wp\/v2\/media?parent=228"}],"curies":[{"name":"wp","href":"https:\/\/api.w.org\/{rel}","templated":true}]}}